{"id":271,"date":"2023-07-07T13:45:37","date_gmt":"2023-07-07T13:45:37","guid":{"rendered":"https:\/\/etstegavgangen.no\/?page_id=271"},"modified":"2024-03-13T18:15:31","modified_gmt":"2024-03-13T18:15:31","slug":"padleturer-test","status":"publish","type":"page","link":"https:\/\/etstegavgangen.no\/index.php\/padleturer-test\/","title":{"rendered":"Padleturer test"},"content":{"rendered":"\n<p>SIDEN ER UNDER UTVIKLING. V\u00e5ren 2024 vil det komme egne turer. Jeg har mulighet til \u00e5 ta med grupper p\u00e5 inntil 6 stykker i f\u00f8rste omgang. Padling i packrafter og om en \u00f8nsker flere dagers tur, overnatting i hengek\u00f8yer. Du\/dere vil f\u00e5 l\u00e5ne packraft med \u00e5rer og flytevest, hengek\u00f8yer med myggnetting og tarp. Noen m\u00e5ltider vil v\u00e6re inkludert i prisen. Ta med familie, venner eller kom med en arbeidsgruppe. Padling og mestring i naturen kan gi god teambygging, og som veileder kan jeg lage et opplegg rundt teambygging. Send epost: <a href=\"mailto:heidi@etstegavgangen.no\">heidi@etstegavgangen.no<\/a> eller ring 90 60 90 59<\/p>\n\n\n<div class=\"wp-block-image\">\n<figure class=\"alignleft size-large is-resized\"><img loading=\"lazy\" decoding=\"async\" width=\"600\" height=\"1024\" src=\"https:\/\/etstegavgangen.no\/wp-content\/uploads\/2023\/07\/image-3-600x1024.png\" alt=\"\" class=\"wp-image-248\" style=\"width:326px;height:556px\" srcset=\"https:\/\/etstegavgangen.no\/wp-content\/uploads\/2023\/07\/image-3-600x1024.png 600w, https:\/\/etstegavgangen.no\/wp-content\/uploads\/2023\/07\/image-3-176x300.png 176w, https:\/\/etstegavgangen.no\/wp-content\/uploads\/2023\/07\/image-3-768x1311.png 768w, https:\/\/etstegavgangen.no\/wp-content\/uploads\/2023\/07\/image-3-900x1536.png 900w, https:\/\/etstegavgangen.no\/wp-content\/uploads\/2023\/07\/image-3-1199x2048.png 1199w, https:\/\/etstegavgangen.no\/wp-content\/uploads\/2023\/07\/image-3-375x640.png 375w\" sizes=\"auto, (max-width: 600px) 100vw, 600px\" \/><\/figure>\n<\/div>\n\n\n<p>Alle padleturene vil foreg\u00e5 med packraft, en lett oppbl\u00e5sbar b\u00e5t. Denne er st\u00f8dig og lett. I starten kan en packraft virke litt vinglete \u00e5 padle, men med litt vekt foran og med litt \u00f8velse vil du oppleve god mestring. P\u00e5 padleturene er det Heidi som er med som leder, hun har lang erfaring med padling i packraft og veilede p\u00e5 turer. Hun har jobbet med turer og friluftsliv som l\u00e6rer i flere \u00e5r. Har DNT sin turleder skole. Hun har ogs\u00e5 god kursing p\u00e5 f\u00f8rstehjelp. Vi vil ogs\u00e5 ha hjelp i bakh\u00e5nden om det skulle skje noe. <\/p>\n\n\n\n<p>Turene v\u00e5re krever ingen forh\u00e5ndskunnskaper, men det er lurt \u00e5 v\u00e6re i vanlig god form siden vi skal komme fremover med egen maskin. Ved vekt over 100 kg, vennligst ta kontakt s\u00e5 vi kan avklare om turen lar seg gjennomf\u00f8r mht utstyret. For \u00e5 kunne v\u00e6re med p\u00e5 turen m\u00e5 du ha egen reise og ulykkesforsikring. <\/p>\n\n\n\n<p>Et Steg Av Gangen tar forbehold om \u00e5 kunne avlyse p\u00e5 kort varsel ved d\u00e5rlig v\u00e6r og annet uforutsett som kan komme i veien. <\/p>\n\n\n\n<p>Alle turene vi tilbyr er p\u00e5 stille vann og eventuelt snille og rolige elver. Det er viktig at du pakker utstyret i vanntette poser, for selv om det ikke regner kan det bli v\u00e5tt under padling. <\/p>\n\n\n<div class=\"wp-block-image\">\n<figure class=\"aligncenter size-full is-resized\"><img loading=\"lazy\" decoding=\"async\" width=\"1024\" height=\"853\" src=\"https:\/\/etstegavgangen.no\/wp-content\/uploads\/2023\/07\/image-7.png\" alt=\"\" class=\"wp-image-274\" style=\"width:433px;height:361px\" srcset=\"https:\/\/etstegavgangen.no\/wp-content\/uploads\/2023\/07\/image-7.png 1024w, https:\/\/etstegavgangen.no\/wp-content\/uploads\/2023\/07\/image-7-300x250.png 300w, https:\/\/etstegavgangen.no\/wp-content\/uploads\/2023\/07\/image-7-768x640.png 768w, https:\/\/etstegavgangen.no\/wp-content\/uploads\/2023\/07\/image-7-640x533.png 640w\" sizes=\"auto, (max-width: 1024px) 100vw, 1024px\" \/><figcaption class=\"wp-element-caption\">Rokosj\u00f8en<\/figcaption><\/figure>\n<\/div>\n\n<div class=\"wp-block-image\">\n<figure class=\"alignright size-large is-resized\"><img loading=\"lazy\" decoding=\"async\" width=\"577\" height=\"1024\" src=\"https:\/\/etstegavgangen.no\/wp-content\/uploads\/2023\/08\/image-2-577x1024.png\" alt=\"\" class=\"wp-image-300\" style=\"width:307px;height:545px\" srcset=\"https:\/\/etstegavgangen.no\/wp-content\/uploads\/2023\/08\/image-2-577x1024.png 577w, https:\/\/etstegavgangen.no\/wp-content\/uploads\/2023\/08\/image-2-169x300.png 169w, https:\/\/etstegavgangen.no\/wp-content\/uploads\/2023\/08\/image-2-768x1364.png 768w, https:\/\/etstegavgangen.no\/wp-content\/uploads\/2023\/08\/image-2-865x1536.png 865w, https:\/\/etstegavgangen.no\/wp-content\/uploads\/2023\/08\/image-2-360x640.png 360w, https:\/\/etstegavgangen.no\/wp-content\/uploads\/2023\/08\/image-2.png 1153w\" sizes=\"auto, (max-width: 577px) 100vw, 577px\" \/><figcaption class=\"wp-element-caption\">i Trysils dype skoger<\/figcaption><\/figure>\n<\/div>\n\n\n<p>TURTILBUD VIL BLI:<\/p>\n\n\n\n<ol class=\"wp-block-list\">\n<li>3-4 timers turer p\u00e5 Rokosj\u00f8en i L\u00f8ten, Svartelva i L\u00f8ten eller N\u00e6ra i Ringsaker<\/li>\n\n\n\n<li>2-3 dagers turer p\u00e5 Rokosj\u00f8en i L\u00f8ten eller N\u00e6ra i Ringsaker<\/li>\n\n\n\n<li>2 dagers villmarkstur i stilleflytende elv s\u00f8r i Trysil. Her vil en komme n\u00e6r p\u00e5 dyrelivet. <\/li>\n\n\n\n<li>Tematurer med:\n<ul class=\"wp-block-list\">\n<li>historisk vandring med Marie Dave Amundsen, doktor i arkeologi og forsker. <\/li>\n\n\n\n<li>lokal mat <\/li>\n\n\n\n<li>vinsmaking p\u00e5 kvelden ved  Sommelier Aleksander Iversen som har jobbet blant annet p\u00e5 Statholdergaarden, Brasserie France, Manager &amp; Head Sommelier for Omakase Oslo og Manager &amp; Head Sommelier for Sabi Sushi Vikaterrasse, n\u00e5 leder av Brasseri Couscous. Han har v\u00e6rt deltaker p\u00e5 det norske landslaget for sommelierer og representert Norge. <\/li>\n<\/ul>\n<\/li>\n<\/ol>\n","protected":false},"excerpt":{"rendered":"<p>SIDEN ER UNDER UTVIKLING. V\u00e5ren 2024 vil det komme egne turer. Jeg har mulighet til \u00e5 ta med grupper p\u00e5 inntil 6 stykker i f\u00f8rste omgang. Padling i packrafter og om en \u00f8nsker flere dagers tur, overnatting i hengek\u00f8yer. Du\/dere vil f\u00e5 l\u00e5ne packraft&#8230;<\/p>\n","protected":false},"author":1,"featured_media":0,"parent":0,"menu_order":0,"comment_status":"closed","ping_status":"closed","template":"","meta":{"footnotes":""},"class_list":["post-271","page","type-page","status-publish","hentry"],"jetpack_sharing_enabled":true,"_links":{"self":[{"href":"https:\/\/etstegavgangen.no\/index.php\/wp-json\/wp\/v2\/pages\/271","targetHints":{"allow":["GET"]}}],"collection":[{"href":"https:\/\/etstegavgangen.no\/index.php\/wp-json\/wp\/v2\/pages"}],"about":[{"href":"https:\/\/etstegavgangen.no\/index.php\/wp-json\/wp\/v2\/types\/page"}],"author":[{"embeddable":true,"href":"https:\/\/etstegavgangen.no\/index.php\/wp-json\/wp\/v2\/users\/1"}],"replies":[{"embeddable":true,"href":"https:\/\/etstegavgangen.no\/index.php\/wp-json\/wp\/v2\/comments?post=271"}],"version-history":[{"count":14,"href":"https:\/\/etstegavgangen.no\/index.php\/wp-json\/wp\/v2\/pages\/271\/revisions"}],"predecessor-version":[{"id":366,"href":"https:\/\/etstegavgangen.no\/index.php\/wp-json\/wp\/v2\/pages\/271\/revisions\/366"}],"wp:attachment":[{"href":"https:\/\/etstegavgangen.no\/index.php\/wp-json\/wp\/v2\/media?parent=271"}],"curies":[{"name":"wp","href":"https:\/\/api.w.org\/{rel}","templated":true}]}}