{"id":5,"date":"2023-04-14T07:40:43","date_gmt":"2023-04-14T07:40:43","guid":{"rendered":"https:\/\/etstegavgangen.no\/?page_id=5"},"modified":"2024-03-10T15:23:43","modified_gmt":"2024-03-10T15:23:43","slug":"om-oss","status":"publish","type":"page","link":"https:\/\/etstegavgangen.no\/","title":{"rendered":"Om oss"},"content":{"rendered":"<div class=\"wp-block-image\">\n<figure class=\"aligncenter size-large is-resized\"><img loading=\"lazy\" decoding=\"async\" width=\"1024\" height=\"726\" src=\"https:\/\/etstegavgangen.no\/wp-content\/uploads\/2023\/04\/image-5-1024x726.png\" alt=\"\" class=\"wp-image-67\" style=\"width:277px;height:196px\" srcset=\"https:\/\/etstegavgangen.no\/wp-content\/uploads\/2023\/04\/image-5-1024x726.png 1024w, https:\/\/etstegavgangen.no\/wp-content\/uploads\/2023\/04\/image-5-300x213.png 300w, https:\/\/etstegavgangen.no\/wp-content\/uploads\/2023\/04\/image-5-768x545.png 768w, https:\/\/etstegavgangen.no\/wp-content\/uploads\/2023\/04\/image-5-1536x1090.png 1536w, https:\/\/etstegavgangen.no\/wp-content\/uploads\/2023\/04\/image-5-640x454.png 640w, https:\/\/etstegavgangen.no\/wp-content\/uploads\/2023\/04\/image-5.png 1586w\" sizes=\"auto, (max-width: 1024px) 100vw, 1024px\" \/><\/figure>\n<\/div>\n\n\n<h2 class=\"wp-block-heading has-text-align-center\"><strong>MESTRING &#8211; B\u00c6REKRAFT \u2013 MOT \u2013 GLEDE <\/strong><\/h2>\n\n\n\n<h2 class=\"wp-block-heading\">Kontaktinfo<\/h2>\n\n\n\n<p>epost: <a href=\"mailto:heidi@etstegavgangen.no\">heidi@etstegavgangen.no<\/a><\/p>\n\n\n\n<p>telefon: +47 90 60 90 59<\/p>\n\n\n\n<p>Facebook: <a href=\"https:\/\/www.facebook.com\/profile.php?id=100091845788329\">Et steg av gangen | L\u00f8ten | Facebook<\/a><\/p>\n\n\n\n<h2 class=\"wp-block-heading\"><strong>Dette er verdier som betyr mye for Et Steg Av Gangen<\/strong><\/h2>\n\n\n\n<p><strong>Mestring<\/strong>, har du kjent p\u00e5 f\u00f8lelsen? Det er deilig \u00e5 f\u00f8le p\u00e5 mestring, og at en er god nok. Det er mange som har pr\u00f8vd \u00e5 definere mestring, og de fleste er innom &nbsp;at mestring handler om at den enkelte person endrer forestillinger, f\u00f8lelser og atferd p\u00e5 en m\u00e5te som gjenoppretter mening og sammenheng i livet, som bidrar til \u00e5 bearbeide f\u00f8lelsesmessige reaksjoner, probleml\u00f8sning og forbedret livssituasjon.<\/p>\n\n\n\n<p><strong>B\u00e6rekraft <\/strong>sees p\u00e5 i et utvidet begrep.  Vi skal ta vare p\u00e5 naturen, men ogs\u00e5 ta vare p\u00e5 oss selv og andre. Bygge hele mennesker som er i balanse fysisk og psykisk. <\/p>\n\n\n\n<p><strong>Mot<\/strong> er viktig. vi trenger mot til \u00e5 t\u00f8rre \u00e5 gjennomf\u00f8re, til \u00e5 bli med, til \u00e5 si nei og av og til trenger vi mot for \u00e5 si hei. Hva trenger du MOT til?<\/p>\n\n\n\n<p><strong>Glede <\/strong>er viktig i hverdagen. Hva gj\u00f8r deg glad? Tenk p\u00e5 det og la munnen forme seg til et smil. Hva skjer i kroppen da? Ta vare p\u00e5 den f\u00f8lelsen og let etter den i hverdagen. <\/p>\n\n\n\n<p><strong><span style=\"text-decoration: underline;\">NB &#8211; tilbudet endres og noen sider er tatt ned, hovedtilbud fremover vil bli foredrag og padleturer!<\/span><\/strong><\/p>\n\n\n\n<p>Hei, mitt navn er Heidi Amundsen og jeg st\u00e5r bak <strong>Et Steg Av Gangen<\/strong>. Gjennom et levd liv, har blitt 53 \u00e5r, har jeg erfart at det er lurt \u00e5 ta et steg av gangen om du skal n\u00e5 et m\u00e5l eller om reisen og veien i seg selv er m\u00e5let. Steget kan v\u00e6re stort, lite, av og til kan det v\u00e6re lurt \u00e5 ta et steg tilbake eller et til siden. Da kan en se ting p\u00e5 nytt, eller fra en annen vinkel og s\u00e5 er en p\u00e5 rett vei, eller en annen vei som kan gj\u00f8re deg gladere og roligere. Hvem vet hva som er rett vei for deg.<\/p>\n\n\n<div class=\"wp-block-image\">\n<figure class=\"alignleft size-full is-resized\"><img loading=\"lazy\" decoding=\"async\" width=\"960\" height=\"960\" src=\"https:\/\/etstegavgangen.no\/wp-content\/uploads\/2023\/04\/image-2.png\" alt=\"\" class=\"wp-image-29\" style=\"width:320px;height:320px\" srcset=\"https:\/\/etstegavgangen.no\/wp-content\/uploads\/2023\/04\/image-2.png 960w, https:\/\/etstegavgangen.no\/wp-content\/uploads\/2023\/04\/image-2-300x300.png 300w, https:\/\/etstegavgangen.no\/wp-content\/uploads\/2023\/04\/image-2-150x150.png 150w, https:\/\/etstegavgangen.no\/wp-content\/uploads\/2023\/04\/image-2-768x768.png 768w, https:\/\/etstegavgangen.no\/wp-content\/uploads\/2023\/04\/image-2-640x640.png 640w\" sizes=\"auto, (max-width: 960px) 100vw, 960px\" \/><\/figure>\n<\/div>\n\n\n<p>Jeg har jobbet over 25 \u00e5r i norsk skole, b\u00e5de p\u00e5 videreg\u00e5ende og i grunnskolen. 19 av disse \u00e5rene som skoleleder, 6 som rektor. Fra disse \u00e5rene tar jeg med meg mange erfaringer, ikke minst at skolehverdagen er utfordrende for noen av barna v\u00e5re \u2013 p\u00e5 ulike m\u00e5ter. Noen opplever mobbing, utenforskap, noen er redde, noen har en uro i seg som vises utenp\u00e5 og utfordrer b\u00e5de medelever og ansatte, noen med en uro inne i seg og som gj\u00f8r at de ikke kommer i gang \u2013 men sitter stille, noe makter ikke \u00e5 komme p\u00e5 skolen, noen synes det er kjedelige oppgaver og noen opplever ikke mestring. Bakgrunnen er ulik for barna og ungdommen, og \u00e5rsaken er ofte meget sammensatt. Jeg \u00f8nsker \u00e5 ta med meg mine erfaringer fra mitt tidligere arbeid og hjelpe unge, foresatte og ansatt i skolen med \u00e5 komme p\u00e5 rett vei.<\/p>\n\n\n\n<p>Som rektor satte  de ansatte og jeg i gang et stort utviklingsarbeid p\u00e5 skolen, de ansatte gjorde en fantastisk jobb over tid og vi fikk gode resultater. Fra \u00e5 ha ligget under p\u00e5 alle parameter skolene blir m\u00e5lt p\u00e5 i v\u00e5rt samfunn, s\u00e5 satte vi inn stor arbeidsinnsats p\u00e5 systemniv\u00e5, individniv\u00e5 og p\u00e5 n\u00e6rsamfunnsniv\u00e5, og etter fem \u00e5r l\u00e5 vi over landssnittet  p\u00e5 nesten alle parametere. Vi hadde tilsyn p\u00e5 skoleutvikling fra Statsforvalteren, og gikk igjennom dette tilsynet uten noen avvik &#8211; noe som v\u00e5re kontaktpersoner sa var nesten unikt. Vi brukte resultater og observasjoner, vi inkluderte alle i prosessen &#8211; elever, foresatte, ansatte og eiere, og det ble p\u00e5pekt at det var viktig med en engasjerende og synlig rektor. Jeg \u00f8nsker \u00e5 bruke min kompetanse p\u00e5 ledelse, utvikling og strategi for \u00e5 hjelpe skoler med sin utvikling. <\/p>\n\n\n<div class=\"wp-block-image\">\n<figure class=\"alignleft size-full is-resized\"><img loading=\"lazy\" decoding=\"async\" width=\"1024\" height=\"1024\" src=\"https:\/\/etstegavgangen.no\/wp-content\/uploads\/2023\/04\/image-9.png\" alt=\"\" class=\"wp-image-93\" style=\"width:330px;height:330px\" srcset=\"https:\/\/etstegavgangen.no\/wp-content\/uploads\/2023\/04\/image-9.png 1024w, https:\/\/etstegavgangen.no\/wp-content\/uploads\/2023\/04\/image-9-300x300.png 300w, https:\/\/etstegavgangen.no\/wp-content\/uploads\/2023\/04\/image-9-150x150.png 150w, https:\/\/etstegavgangen.no\/wp-content\/uploads\/2023\/04\/image-9-768x768.png 768w, https:\/\/etstegavgangen.no\/wp-content\/uploads\/2023\/04\/image-9-640x640.png 640w\" sizes=\"auto, (max-width: 1024px) 100vw, 1024px\" \/><\/figure>\n<\/div>\n\n\n<p>Jeg har funnet mitt rom der jeg f\u00e5r stresset ned, reflektert og opplever stor mestring; naturen og friluftslivet. se gjerne bloggen min om friluftsliv: <a href=\"https:\/\/www.stuttreistfriluftsliv.no\/\">stuttreistfriluftsliv.no \u2013 Naturglede<\/a>. Forskning viser ogs\u00e5 at det \u00e5 v\u00e6re ute i naturen demper stress og uro. Og mange opplever mestring ute og vokser p\u00e5 dette. Det er mestring i \u00e5 kunne lage b\u00e5l, finne frem, overnatte ute, hjelpe andre og mye mer en kan gj\u00f8re ute. Dette er et rom jeg vil benytte meg av. Fysisk aktivitet kan knyttes opp til mange av momentene barn og unge skal igjennom og n\u00e5 i skolen, b\u00e5de kjerneelementer, verdier, tverrfaglighet og kompetansem\u00e5l.<\/p>\n\n\n\n<p><\/p>\n\n\n<div class=\"wp-block-image\">\n<figure class=\"alignleft size-large is-resized\"><img loading=\"lazy\" decoding=\"async\" width=\"1024\" height=\"579\" src=\"https:\/\/etstegavgangen.no\/wp-content\/uploads\/2023\/04\/image-10-1024x579.png\" alt=\"\" class=\"wp-image-100\" style=\"width:330px;height:186px\" srcset=\"https:\/\/etstegavgangen.no\/wp-content\/uploads\/2023\/04\/image-10-1024x579.png 1024w, https:\/\/etstegavgangen.no\/wp-content\/uploads\/2023\/04\/image-10-300x170.png 300w, https:\/\/etstegavgangen.no\/wp-content\/uploads\/2023\/04\/image-10-768x435.png 768w, https:\/\/etstegavgangen.no\/wp-content\/uploads\/2023\/04\/image-10-640x362.png 640w, https:\/\/etstegavgangen.no\/wp-content\/uploads\/2023\/04\/image-10.png 1200w\" sizes=\"auto, (max-width: 1024px) 100vw, 1024px\" \/><\/figure>\n<\/div>\n\n\n<p>Videre s\u00e5 vil jeg benytte min erfaring og kompetanse innen biologi, naturfag, friluftsliv, pedagogikk og ledelse til \u00e5 tilby kurs med mestringsopplevelser innen friluftsliv. Det vil komme egne kurs og muligheten for \u00e5 skreddersy kurs til deg og eventuelt din gruppe. <\/p>\n\n\n\n<p><\/p>\n\n\n<div class=\"wp-block-image\">\n<figure class=\"alignleft size-large is-resized\"><img loading=\"lazy\" decoding=\"async\" width=\"1024\" height=\"859\" src=\"https:\/\/etstegavgangen.no\/wp-content\/uploads\/2023\/04\/image-11-1024x859.png\" alt=\"\" class=\"wp-image-102\" style=\"width:329px;height:276px\" srcset=\"https:\/\/etstegavgangen.no\/wp-content\/uploads\/2023\/04\/image-11-1024x859.png 1024w, https:\/\/etstegavgangen.no\/wp-content\/uploads\/2023\/04\/image-11-300x252.png 300w, https:\/\/etstegavgangen.no\/wp-content\/uploads\/2023\/04\/image-11-768x644.png 768w, https:\/\/etstegavgangen.no\/wp-content\/uploads\/2023\/04\/image-11-640x537.png 640w, https:\/\/etstegavgangen.no\/wp-content\/uploads\/2023\/04\/image-11.png 1200w\" sizes=\"auto, (max-width: 1024px) 100vw, 1024px\" \/><\/figure>\n<\/div>\n\n\n<p>Som molekyl\u00e6rbiolog med en god del cellebiologi, fysiologi og kjemi kan jeg teorien om hvordan kroppen v\u00e5r fungerer. Jeg har ogs\u00e5 med meg \u00f8kologi fra studiene mine. Jeg har undervist i ulike naturfag i videreg\u00e5ende skole. Jeg har en master i offentlig ledelse og utviklingsledelsestudier, sammen med pedagogikk og et grunnfag i samfunnsfag. Jeg har p\u00e5 fritiden v\u00e6rt speiderleder, drevet aktivt friluftsliv og brukt tid p\u00e5 egne hester, hunder, venner og ikke minst familien. Etter videreg\u00e5ende jobbet jeg som rideinstrukt\u00f8r og red aktivt i noen \u00e5r. De siste \u00e5rene har jeg jobbet som daglig leder i Norsk Juletre. I arbeidet som leder har jeg arrangert mange turer og kurs for b\u00e5de egne medarbeidere og andre. B\u00e5de nasjonale konferanser og europeiske. Som l\u00e6rer p\u00e5 videreg\u00e5ende i hestefag og friluftsliv var det ofte utflukter over flere dager. <\/p>\n\n\n<div class=\"wp-block-image\">\n<figure class=\"alignleft size-full is-resized\"><img loading=\"lazy\" decoding=\"async\" width=\"303\" height=\"453\" src=\"https:\/\/etstegavgangen.no\/wp-content\/uploads\/2023\/04\/image-7.png\" alt=\"\" class=\"wp-image-75\" style=\"width:170px;height:255px\" srcset=\"https:\/\/etstegavgangen.no\/wp-content\/uploads\/2023\/04\/image-7.png 303w, https:\/\/etstegavgangen.no\/wp-content\/uploads\/2023\/04\/image-7-201x300.png 201w\" sizes=\"auto, (max-width: 303px) 100vw, 303px\" \/><\/figure>\n<\/div>\n\n\n<p>Med denne kunnskapen, samt erfaringen jeg har fra arbeid og fritid blir det spennende \u00e5 bruke kompetansen min p\u00e5 en annen m\u00e5te enn f\u00f8r. Jeg har dermed g\u00e5tt en ny vei med \u00e5 starte opp som gr\u00fcnder, og s\u00e5 vil tiden vise om det er rett vei. <\/p>\n\n\n\n<p>Siden er under oppbygning!<\/p>\n\n\n\n<p><\/p>\n\n\n\n<p><\/p>\n\n\n\n<p><\/p>\n\n\n\n<figure class=\"wp-block-video\"><video height=\"640\" style=\"aspect-ratio: 368 \/ 640;\" width=\"368\" controls src=\"https:\/\/etstegavgangen.no\/wp-content\/uploads\/2023\/09\/372606262_6582957221773562_7366099446480324387_n.mp4\"><\/video><figcaption class=\"wp-element-caption\">Glede og mestring!<\/figcaption><\/figure>\n\n\n\n<p><\/p>\n\n\n\n<figure class=\"wp-block-image size-large\"><img loading=\"lazy\" decoding=\"async\" width=\"1024\" height=\"461\" src=\"https:\/\/etstegavgangen.no\/wp-content\/uploads\/2023\/04\/20201005_175554-1024x461.jpg\" alt=\"\" class=\"wp-image-31\" srcset=\"https:\/\/etstegavgangen.no\/wp-content\/uploads\/2023\/04\/20201005_175554-1024x461.jpg 1024w, https:\/\/etstegavgangen.no\/wp-content\/uploads\/2023\/04\/20201005_175554-300x135.jpg 300w, https:\/\/etstegavgangen.no\/wp-content\/uploads\/2023\/04\/20201005_175554-768x346.jpg 768w, https:\/\/etstegavgangen.no\/wp-content\/uploads\/2023\/04\/20201005_175554-1536x692.jpg 1536w, https:\/\/etstegavgangen.no\/wp-content\/uploads\/2023\/04\/20201005_175554-2048x922.jpg 2048w, https:\/\/etstegavgangen.no\/wp-content\/uploads\/2023\/04\/20201005_175554-640x288.jpg 640w\" sizes=\"auto, (max-width: 1024px) 100vw, 1024px\" \/><\/figure>\n\n\n\n<p> <em>Stolt av mine tidligere medarbeidere og at vi fikk denne lederen i Hamar Arbeiderblad 22.12.18. Vanvittig takknemlig for alle de dyktige medarbeidere som bidro:)<\/em><\/p>\n\n\n\n<figure class=\"wp-block-image size-large\"><img loading=\"lazy\" decoding=\"async\" width=\"344\" height=\"1024\" src=\"https:\/\/etstegavgangen.no\/wp-content\/uploads\/2023\/04\/image-3-344x1024.png\" alt=\"\" class=\"wp-image-46\" srcset=\"https:\/\/etstegavgangen.no\/wp-content\/uploads\/2023\/04\/image-3-344x1024.png 344w, https:\/\/etstegavgangen.no\/wp-content\/uploads\/2023\/04\/image-3-101x300.png 101w, https:\/\/etstegavgangen.no\/wp-content\/uploads\/2023\/04\/image-3-215x640.png 215w, https:\/\/etstegavgangen.no\/wp-content\/uploads\/2023\/04\/image-3.png 516w\" sizes=\"auto, (max-width: 344px) 100vw, 344px\" \/><\/figure>\n","protected":false},"excerpt":{"rendered":"<p>MESTRING &#8211; B\u00c6REKRAFT \u2013 MOT \u2013 GLEDE Kontaktinfo epost: heidi@etstegavgangen.no telefon: +47 90 60 90 59 Facebook: Et steg av gangen | L\u00f8ten | Facebook Dette er verdier som betyr mye for Et Steg Av Gangen Mestring, har du kjent p\u00e5 f\u00f8lelsen? Det er&#8230;<\/p>\n","protected":false},"author":1,"featured_media":0,"parent":0,"menu_order":0,"comment_status":"closed","ping_status":"closed","template":"","meta":{"footnotes":""},"class_list":["post-5","page","type-page","status-publish","hentry"],"jetpack_sharing_enabled":true,"_links":{"self":[{"href":"https:\/\/etstegavgangen.no\/index.php\/wp-json\/wp\/v2\/pages\/5","targetHints":{"allow":["GET"]}}],"collection":[{"href":"https:\/\/etstegavgangen.no\/index.php\/wp-json\/wp\/v2\/pages"}],"about":[{"href":"https:\/\/etstegavgangen.no\/index.php\/wp-json\/wp\/v2\/types\/page"}],"author":[{"embeddable":true,"href":"https:\/\/etstegavgangen.no\/index.php\/wp-json\/wp\/v2\/users\/1"}],"replies":[{"embeddable":true,"href":"https:\/\/etstegavgangen.no\/index.php\/wp-json\/wp\/v2\/comments?post=5"}],"version-history":[{"count":41,"href":"https:\/\/etstegavgangen.no\/index.php\/wp-json\/wp\/v2\/pages\/5\/revisions"}],"predecessor-version":[{"id":364,"href":"https:\/\/etstegavgangen.no\/index.php\/wp-json\/wp\/v2\/pages\/5\/revisions\/364"}],"wp:attachment":[{"href":"https:\/\/etstegavgangen.no\/index.php\/wp-json\/wp\/v2\/media?parent=5"}],"curies":[{"name":"wp","href":"https:\/\/api.w.org\/{rel}","templated":true}]}}